{"id":141,"date":"2013-08-21T09:01:44","date_gmt":"2013-08-21T09:01:44","guid":{"rendered":"http:\/\/desafioglobal.org\/es\/?page_id=141"},"modified":"2013-08-23T11:48:19","modified_gmt":"2013-08-23T11:48:19","slug":"programa-de-la-conferencia","status":"publish","type":"page","link":"http:\/\/desafioglobal.org\/es\/reuniones\/reuniones-abiertas\/conferencia\/programa-de-la-conferencia\/","title":{"rendered":"Programa de la conferencia"},"content":{"rendered":"<h3>Sesi\u00f3n de Apertura<\/h3>\n<ul>\n<li>Exmo. Sr. Luciano Roberto Rosas de Siqueira, Vice-Alcalde de Recife<\/li>\n<li>Exmo. Sr. Jos\u00e9 Almir Cirilo,\u00a0<a href=\"http:\/\/www.srhe.pe.gov.br\/\">Secretario de Recursos H\u00eddricos y Energ\u00e9ticos de Pernambuco (SRHE), Gobierno de Pernambuco<\/a>, Recife<\/li>\n<li>Anne Le Strat, Vice-Alcaldesa de Paris para la Gesti\u00f3n de Servicios de Agua y Saneamiento, Presidenta de Aguas de Paris \/ <a href=\"http:\/\/www.eaudeparis.fr\/\">Eau de Paris<\/a>\u00a0(EDP) y Presidenta de la Asociaci\u00f3n Europea para la Gesti\u00f3n P\u00fablica del Agua (<a href=\"http:\/\/www.aquapublica.eu\/\">Aqua Publica Europa<\/a>)<\/li>\n<li>Exmo.\u00a0Sr. Jo\u00e3o Batista,\u00a0<a href=\"http:\/\/www2.recife.pe.gov.br\/secretarias-e-orgaos\/secretarias\/saneamento\/\">Secretario de Saneamiento, Recife<\/a><\/li>\n<li>Exmo. Sr. Anisio Brasileiro, Rector, Universidad Federal de Pernambuco<\/li>\n<li>Dra. Cristina Marcuzzo, <a href=\"http:\/\/cordis.europa.eu\/home_es.html\">S\u00e9ptimo Programa Marco, Espacio Europeo de Investigaci\u00f3n (EEI), Uni\u00f3n Europea<\/a><\/li>\n<li>Sr. Adelmo Araujo, <a href=\"http:\/\/ferupernambuco.wordpress.com\/\">F\u00f3rum Estadual de Reforma Urbana (FERU)<\/a>, Recife<\/li>\n<li>Dr. Jos\u00e9 Esteban Castro, Coordinador del Proyecto DESAFIO y la <a href=\"http:\/\/www.waterlat.org\/\">Red WATERLAT<\/a><\/li>\n<\/ul>\n<p><a href=\"http:\/\/desafioglobal.org\/wp-content\/uploads\/presentations\/DESAFIO%20-%20Abertura.pdf\">Bajar la presentaci\u00f3n de apertura<\/a><\/p>\n<h3>Panel 1 \u2013 Desaf\u00edos e iniciativas para la gesti\u00f3n y acceso democr\u00e1ticos a los servicios de saneamiento: perspectivas internacionales<\/h3>\n<p>\u201cEl proceso internacional de municipalizaci\u00f3n de servicios p\u00fablicos de saneamiento [en ingl\u00e9s]\u201d\u00a0<b>Martin Pigeon, <\/b><a href=\"http:\/\/corporateeurope.org\/\">Corporate Europe Observatory (CEO)<\/a>,<b> <\/b>Holanda [via Skype]<\/p>\n<p>\u201cGesti\u00f3n democr\u00e1tica: venciendo la barrera del prejuicio\u201d\u00a0<b>Ant\u00f4nio da Costa Miranda Neto, <\/b>Miembro del<b> <\/b><a href=\"http:\/\/www.unsgab.org\/\">Consejo Consultor del Secretario General de las Naciones Unidas para Asuntos de Agua y Saneamiento<\/a> (UNSGAB).<\/p>\n<p>\u201cPol\u00edticas de Saneamiento B\u00e1sico en Brasil\u201d\u00a0<strong>Wladimir Ant\u00f4nio Ribeiro, Asesor Legal del Gobierno Federal Brasileiro en Pol\u00edticas y Leyes de Saneamiento B\u00e1sico<\/strong><\/p>\n<p>\u201cQu\u00e9 significa \u2018democratizar\u2019 la gesti\u00f3n y el acceso a los servicios p\u00fablicos de saneamiento?\u201d\u00a0<b>Jos\u00e9 Esteban Castro, <\/b><a href=\"http:\/\/www.ncl.ac.uk\/gps\/\">Escuela de Geograf\u00eda, Ciencia Pol\u00edtica y Sociolog\u00eda (GPS)<\/a> e <a href=\"http:\/\/www.ncl.ac.uk\/sustainability\">Instituto de Investigaciones sobre Sustentabilidad (NIRES)<\/a>, Newcastle University, Reino Unido<\/p>\n<p><a href=\"http:\/\/desafioglobal.org\/wp-content\/uploads\/presentations\/DESAFIO%20-%20Castro%20Sessao%20I.pdf\">Bajar la presentaci\u00f3n de Castro<\/a><\/p>\n<h4>Sesi\u00f3n de Debate<\/h4>\n<h3>Presentaci\u00f3n Principal: \u201cLa municipalizaci\u00f3n de los servicios de saneamiento en Paris, Francia\u201d<\/h3>\n<p><b>Anne Le Strat, <\/b>Vice-Alcaldesa de Paris para la Gesti\u00f3n de Servicios de Agua y Saneamiento, Presidenta de <a href=\"http:\/\/www.eaudeparis.fr\/\">Aguas de Paris<\/a> (Eau de Paris &#8211; EDP) y Presidenta de la Asociaci\u00f3n Europea para la Gesti\u00f3n P\u00fablica del Agua, <a href=\"http:\/\/www.aquapublica.eu\/\">Aqua Publica Europa<\/a><\/p>\n<p><a href=\"http:\/\/desafioglobal.org\/wp-content\/uploads\/presentations\/Anne%20LE%20STRAT%20-%20DESAFIO%20250213.pdf\">Bajar la presentaci\u00f3n de Le Strat<\/a><\/p>\n<h3>Panel 2 \u2013 Avances y desaf\u00edos para la democratizaci\u00f3n de la gesti\u00f3n y acceso a servicios p\u00fablicos de saneamiento: experiencias recientes<\/h3>\n<p>\u201cNociones sobre los sistemas condominiales\u201d\u00a0<b>Jos\u00e9 Carlos Melo<\/b>, Creador del Sistema Condominial de Saneamiento, Recife<\/p>\n<p><a href=\"http:\/\/desafioglobal.org\/wp-content\/uploads\/presentations\/Melo%20Panel%202.pdf\">Bajar la presentaci\u00f3n de Melo<\/a><\/p>\n<p>\u201cSistema condominial de alcantarillado: uso-funcionamiento y perspectivas para la\u00a0 universalizaci\u00f3n\u201d\u00a0<b>Patr\u00edcia Campos Borja, <\/b><a href=\"http:\/\/www.ufba.br\/\">Universidad Federal de Bah\u00eda<\/a>,<b> <\/b>Salvador<\/p>\n<p><a href=\"http:\/\/desafioglobal.org\/wp-content\/uploads\/presentations\/Borja%20Panel%202.pdf\">Bajar la presentaci\u00f3n de Borja<\/a><\/p>\n<p>\u201cArticulando la educaci\u00f3n, la tecnolog\u00eda y la gesti\u00f3n: una lectura de la concepci\u00f3n del saneamiento integrado en Recife\u201d\u00a0<b>Andr\u00e9 Monteiro, <\/b><a href=\"http:\/\/www.cpqam.fiocruz.br\/\">Centro de Pesquisas Aggeu Magalh\u00e3es (CPqAM) FIOCRUZ<\/a>,<b> <\/b>Recife <b>\u00a0<\/b><\/p>\n<p><a href=\"http:\/\/desafioglobal.org\/wp-content\/uploads\/presentations\/Andre%20Monteiro%20Panel%202.pdf\">Bajar la presentaci\u00f3n de Monteiro<\/a><\/p>\n<p>\u201cInnovaci\u00f3n en eco-tecnolog\u00edas para la bio-remediaci\u00f3n de la contaminaci\u00f3n acu\u00e1tica\u201d\u00a0<b>Dr. Miguel Ricardo Pe\u00f1a, <\/b>Universidad del Valle, Colombia<\/p>\n<p><a href=\"http:\/\/desafioglobal.org\/wp-content\/uploads\/presentations\/Pena%20Panel%202.pdf\">Bajar la presentaci\u00f3n de Pe\u00f1a<\/a><\/p>\n<h4>Sesi\u00f3n de Debate<\/h4>\n<h3><b><\/b>Panel 3 \u2013 Oportunidades y obst\u00e1culos para la consolidaci\u00f3n de la democratizaci\u00f3n de la gesti\u00f3n y acceso a servicios p\u00fablicos de saneamiento<\/h3>\n<p>\u201cEstrategias de universalizaci\u00f3n de los servicios de saneamiento en Pernambuco\u201d\u00a0<b>Roberto Cavalcanti Tavares, <\/b>Director Presidente, <a href=\"http:\/\/www.compesa.com.br\/\">Compa\u00f1\u00eda Pernambucana de Saneamiento (COMPESA)<\/a>, Recife<\/p>\n<p><a href=\"http:\/\/desafioglobal.org\/wp-content\/uploads\/presentations\/Tavares%20Panel%203.pdf\">Bajar la presentaci\u00f3n de Tavares<\/a><\/p>\n<p>\u201cFortalecimiento del sector p\u00fablico y del control social\u201d\u00a0<b>Edson Aparecido da Silva, <\/b>Coordinador,<b> <\/b><a href=\"http:\/\/saneamentoparatodos.blogspot.co.uk\/\">Frente Nacional de Saneamiento Ambiental (FNSA)<\/a><\/p>\n<p><a href=\"http:\/\/desafioglobal.org\/wp-content\/uploads\/presentations\/Presentation%20Edson.pdf\">Bajar la presentaci\u00f3n de da Silva<\/a><\/p>\n<p>\u201cDesaf\u00edos para la participaci\u00f3n de la poblaci\u00f3n en la gesti\u00f3n de los servicios de saneamiento\u201d\u00a0<b>Bismark Saraiva, <\/b><a href=\"http:\/\/ferupernambuco.wordpress.com\/\">F\u00f3rum Estadual de Reforma Urbana (FERU)<\/a>, Recife<\/p>\n<p>\u201cUniversalizaci\u00f3n y regulaci\u00f3n de los servicios p\u00fablicos de saneamiento b\u00e1sico\u201d\u00a0<b>Marcos Montenegro, <\/b><a href=\"http:\/\/www.adasa.df.gov.br\/\">Agencia Reguladora de Aguas y Saneamiento del Distrito Federal (ADASA)<\/a>,<b> <\/b>Brasilia<\/p>\n<p><a href=\"http:\/\/desafioglobal.org\/wp-content\/uploads\/presentations\/Montenegro%20Panel%203.pdf\">Bajar la presentaci\u00f3n de Montenegro<\/a><\/p>\n<p>\u201cLa planificaci\u00f3n en saneamiento b\u00e1sico como instrumento para la democratizaci\u00f3n de la gesti\u00f3n y el acceso\u201d\u00a0<b>L\u00e9o Heller, <\/b><a href=\"http:\/\/www.desa.ufmg.br\/\">Departamento de Ingenier\u00eda Sanitaria y Ambiental, Universidad Federal de Minas Gerais (UFMG)<\/a>, Coordinador del estudio \u2018Panorama del Saneamiento B\u00e1sico en Brasil\u2019, <a href=\"http:\/\/www.cidades.gov.br\/plansab\/\">Plan Nacional de Saneamiento B\u00e1sico (PLANSAB)<\/a>.<\/p>\n<p><a href=\"http:\/\/desafioglobal.org\/wp-content\/uploads\/presentations\/Heller%20Panel%203.pdf\">Bajar la presentaci\u00f3n de Heller<\/a><\/p>\n<h4>Sesi\u00f3n de Debate<\/h4>\n<p><b><\/b><b>Clausura<\/b><\/p>\n","protected":false},"excerpt":{"rendered":"<p>Sesi\u00f3n de Apertura Exmo. Sr. Luciano Roberto Rosas de Siqueira, Vice-Alcalde de Recife Exmo. Sr. Jos\u00e9 Almir Cirilo,\u00a0Secretario de Recursos H\u00eddricos y Energ\u00e9ticos de Pernambuco (SRHE), Gobierno de Pernambuco, Recife Anne Le Strat, Vice-Alcaldesa de Paris para la Gesti\u00f3n de Servicios de Agua y Saneamiento, Presidenta de Aguas de Paris \/ Eau de Paris\u00a0(EDP) y [&hellip;]<\/p>\n","protected":false},"author":2,"featured_media":0,"parent":57,"menu_order":0,"comment_status":"closed","ping_status":"open","template":"","meta":[],"_links":{"self":[{"href":"http:\/\/desafioglobal.org\/es\/wp-json\/wp\/v2\/pages\/141"}],"collection":[{"href":"http:\/\/desafioglobal.org\/es\/wp-json\/wp\/v2\/pages"}],"about":[{"href":"http:\/\/desafioglobal.org\/es\/wp-json\/wp\/v2\/types\/page"}],"author":[{"embeddable":true,"href":"http:\/\/desafioglobal.org\/es\/wp-json\/wp\/v2\/users\/2"}],"replies":[{"embeddable":true,"href":"http:\/\/desafioglobal.org\/es\/wp-json\/wp\/v2\/comments?post=141"}],"version-history":[{"count":9,"href":"http:\/\/desafioglobal.org\/es\/wp-json\/wp\/v2\/pages\/141\/revisions"}],"predecessor-version":[{"id":202,"href":"http:\/\/desafioglobal.org\/es\/wp-json\/wp\/v2\/pages\/141\/revisions\/202"}],"up":[{"embeddable":true,"href":"http:\/\/desafioglobal.org\/es\/wp-json\/wp\/v2\/pages\/57"}],"wp:attachment":[{"href":"http:\/\/desafioglobal.org\/es\/wp-json\/wp\/v2\/media?parent=141"}],"curies":[{"name":"wp","href":"https:\/\/api.w.org\/{rel}","templated":true}]}}