{"id":121,"date":"2013-08-17T15:39:58","date_gmt":"2013-08-17T15:39:58","guid":{"rendered":"http:\/\/desafioglobal.org\/es\/?page_id=121"},"modified":"2015-04-17T15:24:17","modified_gmt":"2015-04-17T15:24:17","slug":"documentos","status":"publish","type":"page","link":"http:\/\/desafioglobal.org\/es\/documentos\/","title":{"rendered":"Diseminaci\u00f3n"},"content":{"rendered":"<p>Aqu\u00ed presentamos materiales producidos para suministrar informaci\u00f3n sobre nuestras actividades y productos, as\u00ed como tambi\u00e9n informes de prensa, entrevistas, y otros elementos relacionados con nuestro proyecto.<\/p>\n<p style=\"padding-left: 30px;\"><span style=\"color: #fe1500;\"><strong><em>Nuevo! <span style=\"color: #0000ff;\"><a href=\"http:\/\/ec.europa.eu\/programmes\/horizon2020\/en\/news\/horizon-2020-brief-eu-framework-programme-research-innovation\"><span style=\"color: #0000ff;\">Horizonte 2020<\/span><\/a>, el mayor programa de Investigaci\u00f3n e Innovaci\u00f3n de la UE hasta la fecha, con un financiamiento de cerca de \u20ac80 mil millones, public\u00f3 un informe sobre el progreso de DESAFIO en un art\u00edculo sobre proyectos exitosos financiados por la UE, en el sitio de Internet oficial del programa. <a href=\"http:\/\/ec.europa.eu\/programmes\/horizon2020\/en\/news\/sanitation-gets-social\"><span style=\"color: #0000ff;\">Lea el informe aqu\u00ed.<\/span><\/a><\/span><\/em><\/strong><\/span><\/p>\n<h3><a href=\"http:\/\/desafioglobal.org\/es\/boletin\/\">Bolet\u00edn<\/a><\/h3>\n<h3><a href=\"&quot;http:\/\/desafioglobal.org\/es\/documentos\/breviarios-de-politica-publica\/\">Breviarios de Pol\u00edtica P\u00fablica<\/a><\/h3>\n<h3><a href=\"http:\/\/desafioglobal.org\/es\/documentos\/folleto-de-publicidad\/\">Folletos, P\u00f3steres<\/a><\/h3>\n","protected":false},"excerpt":{"rendered":"<p>Aqu\u00ed presentamos materiales producidos para suministrar informaci\u00f3n sobre nuestras actividades y productos, as\u00ed como tambi\u00e9n informes de prensa, entrevistas, y otros elementos relacionados con nuestro proyecto. Nuevo! Horizonte 2020, el mayor programa de Investigaci\u00f3n e Innovaci\u00f3n de la UE hasta la fecha, con un financiamiento de cerca de \u20ac80 mil millones, public\u00f3 un informe sobre [&hellip;]<\/p>\n","protected":false},"author":2,"featured_media":0,"parent":0,"menu_order":0,"comment_status":"closed","ping_status":"open","template":"","meta":[],"_links":{"self":[{"href":"http:\/\/desafioglobal.org\/es\/wp-json\/wp\/v2\/pages\/121"}],"collection":[{"href":"http:\/\/desafioglobal.org\/es\/wp-json\/wp\/v2\/pages"}],"about":[{"href":"http:\/\/desafioglobal.org\/es\/wp-json\/wp\/v2\/types\/page"}],"author":[{"embeddable":true,"href":"http:\/\/desafioglobal.org\/es\/wp-json\/wp\/v2\/users\/2"}],"replies":[{"embeddable":true,"href":"http:\/\/desafioglobal.org\/es\/wp-json\/wp\/v2\/comments?post=121"}],"version-history":[{"count":10,"href":"http:\/\/desafioglobal.org\/es\/wp-json\/wp\/v2\/pages\/121\/revisions"}],"predecessor-version":[{"id":708,"href":"http:\/\/desafioglobal.org\/es\/wp-json\/wp\/v2\/pages\/121\/revisions\/708"}],"wp:attachment":[{"href":"http:\/\/desafioglobal.org\/es\/wp-json\/wp\/v2\/media?parent=121"}],"curies":[{"name":"wp","href":"https:\/\/api.w.org\/{rel}","templated":true}]}}